{"id":164,"date":"2025-06-12T11:41:13","date_gmt":"2025-06-12T11:41:13","guid":{"rendered":"https:\/\/darkred-lemur-767475.hostingersite.com\/about\/"},"modified":"2025-06-19T14:05:44","modified_gmt":"2025-06-19T14:05:44","slug":"about","status":"publish","type":"page","link":"https:\/\/tecnicosdesonidomadrid.com\/en\/","title":{"rendered":"About"},"content":{"rendered":"<div class=\"wp-block-uagb-container uagb-block-dde5c922 alignfull uagb-is-root-container\">\n<div class=\"wp-block-uagb-container uagb-block-b618de5d\">\n<div class=\"wp-block-uagb-advanced-heading uagb-block-1d772575\"><h1 class=\"uagb-heading-text\">Find out who we are and what we do<\/h1><\/div>\n<\/div>\n<\/div>\n\n\n\n<div class=\"wp-block-uagb-container uagb-block-09f03414 alignfull uagb-is-root-container\"><div class=\"uagb-container-inner-blocks-wrap\">\n<div class=\"wp-block-uagb-advanced-heading uagb-block-ca3de8bf\"><h2 class=\"uagb-heading-text\">Tecnicos de Sonido Madrid: experts in sound and audio production<\/h2><\/div>\n\n\n\n<div class=\"wp-block-uagb-container uagb-layout-grid uagb-block-147934f6\">\n<div class=\"wp-block-uagb-image uagb-block-95318720 wp-block-uagb-image--layout-default wp-block-uagb-image--effect-static wp-block-uagb-image--align-none\"><figure class=\"wp-block-uagb-image__figure\"><img loading=\"lazy\" decoding=\"async\" srcset=\"https:\/\/tecnicosdesonidomadrid.com\/wp-content\/uploads\/2025\/06\/pexels-photo-1436141.jpeg ,https:\/\/tecnicosdesonidomadrid.com\/wp-content\/uploads\/2025\/06\/pexels-photo-1436141.jpeg 780w, https:\/\/tecnicosdesonidomadrid.com\/wp-content\/uploads\/2025\/06\/pexels-photo-1436141.jpeg 360w\" sizes=\"auto, (max-width: 480px) 150px\" src=\"https:\/\/tecnicosdesonidomadrid.com\/wp-content\/uploads\/2025\/06\/pexels-photo-1436141.jpeg\" alt=\"\" class=\"uag-image-18\" width=\"600\" height=\"400\" title=\"our-story\" role=\"img\"\/><\/figure><\/div>\n\n\n\n<div class=\"wp-block-uagb-advanced-heading uagb-block-477b52f6\"><p class=\"uagb-heading-text\">Since its foundation, Tecnicos de Sonido Madrid has provided its clients with exceptional sound, raising the quality of events and audiovisual productions in the region.<\/p><p class=\"uagb-desc-text\">Our commitment to quality and attention to detail has established us as leaders in the sound sector in Madrid.<\/p><\/div>\n<\/div>\n<\/div><\/div>\n\n\n\n<div class=\"wp-block-uagb-container uagb-layout-grid uagb-block-61c3fd7a alignfull uagb-is-root-container\"><div class=\"uagb-container-inner-blocks-wrap\">\n<div class=\"wp-block-uagb-info-box uagb-block-3a2b7719 uagb-infobox__content-wrap  uagb-infobox-icon-above-title uagb-infobox-image-valign-top\"><div class=\"uagb-ifb-content\"><div class=\"uagb-ifb-title-wrap\"><h2 class=\"uagb-ifb-title\">Our track record since 2015<\/h2><\/div><p class=\"uagb-ifb-desc\">Founded in 2015, Tecnicos de Sonido Madrid has grown rapidly, consolidating itself as a key player in the audio production industry in the capital.<\/p><\/div><\/div>\n\n\n\n<div class=\"wp-block-uagb-container uagb-block-22f5934f\">\n<div class=\"wp-block-uagb-container uagb-layout-grid uagb-block-7d6c4fe6\">\n<div class=\"wp-block-uagb-counter uagb-block-6284027c wp-block-uagb-counter--number\"><div class=\"wp-block-uagb-counter__number\"><span class=\"uagb-counter-block-number\" data-duration=\"1.5\" data-to-value=\"15\" data-from-value=\"0\" data-delimiter=\",\"><\/span><span class=\"uagb-counter-block-suffix\">+<\/span><\/div><div class=\"wp-block-uagb-counter__title\">Experience<\/div><\/div>\n\n\n\n<div class=\"wp-block-uagb-advanced-heading uagb-block-29902d4e\"><p class=\"uagb-heading-text\">With more than 8 years of experience, we guarantee a professional sound for various productions and events.<\/p><\/div>\n<\/div>\n\n\n\n<div class=\"wp-block-uagb-container uagb-layout-grid uagb-block-a2a3a809\">\n<div class=\"wp-block-uagb-counter uagb-block-47bdbd76 wp-block-uagb-counter--number\"><div class=\"wp-block-uagb-counter__number\"><span class=\"uagb-counter-block-number\" data-duration=\"1.5\" data-to-value=\"250\" data-from-value=\"0\" data-delimiter=\",\"><\/span><span class=\"uagb-counter-block-suffix\">+<\/span><\/div><div class=\"wp-block-uagb-counter__title\">Happy customers<\/div><\/div>\n\n\n\n<div class=\"wp-block-uagb-advanced-heading uagb-block-e6ec6afe\"><p class=\"uagb-heading-text\">Our team is made up of more than 10 professionals, each one specialized in his area, to meet all the needs of our clients.<\/p><\/div>\n<\/div>\n\n\n\n<div class=\"wp-block-uagb-container uagb-layout-grid uagb-block-488ab899\">\n<div class=\"wp-block-uagb-counter uagb-block-9cfbb71f wp-block-uagb-counter--number\"><div class=\"wp-block-uagb-counter__number\"><span class=\"uagb-counter-block-number\" data-duration=\"1.5\" data-to-value=\"100\" data-from-value=\"0\" data-delimiter=\",\"><\/span><\/div><div class=\"wp-block-uagb-counter__title\">Employees<\/div><\/div>\n\n\n\n<div class=\"wp-block-uagb-advanced-heading uagb-block-ecf4b2dd\"><p class=\"uagb-heading-text\">We have worked in more than 200 events, providing a quality service and ensuring the satisfaction of our clients.<\/p><\/div>\n<\/div>\n<\/div>\n<\/div><\/div>\n\n\n\n<div class=\"wp-block-uagb-container uagb-block-d7b60fd6 alignfull uagb-is-root-container\"><div class=\"uagb-container-inner-blocks-wrap\">\n<div class=\"wp-block-uagb-info-box uagb-block-6fdc34d4 uagb-infobox__content-wrap  uagb-infobox-icon-above-title uagb-infobox-image-valign-top\"><div class=\"uagb-ifb-content\"><div class=\"uagb-ifb-title-wrap\"><h2 class=\"uagb-ifb-title\">Contact us and make your event unforgettable!<\/h2><\/div><p class=\"uagb-ifb-desc\">Tecnicos de Sonido Madrid is your perfect partner for professional sound reinforcement, with customized solutions and a highly qualified team.<\/p><div class=\"uagb-ifb-button-wrapper wp-block-button\"><a href=\"\/en\/contact\/\" class=\"uagb-infobox-cta-link wp-block-button__link\" target=\"_self\" rel=\"noopener noreferrer\" onclick=\"return true;\"><svg xmlns=\"https:\/\/www.w3.org\/2000\/svg\" viewbox=\"0 0 512 512\"><path d=\"M504.3 273.6l-112.1 104c-6.992 6.484-17.18 8.218-25.94 4.406c-8.758-3.812-14.42-12.45-14.42-21.1L351.9 288H32C14.33 288 .0002 273.7 .0002 255.1S14.33 224 32 224h319.9l0-72c0-9.547 5.66-18.19 14.42-22c8.754-3.809 18.95-2.075 25.94 4.41l112.1 104C514.6 247.9 514.6 264.1 504.3 273.6z\"><\/path><\/svg><span class=\"uagb-inline-editing\">Request a Quote<\/span><\/a><\/div><\/div><\/div>\n<\/div><\/div>\n\n\n\n<div class=\"wp-block-uagb-image uagb-block-09f18e35 wp-block-uagb-image--layout-default wp-block-uagb-image--effect-static wp-block-uagb-image--align-none\"><figure class=\"wp-block-uagb-image__figure\"><img loading=\"lazy\" decoding=\"async\" srcset=\"https:\/\/tecnicosdesonidomadrid.com\/wp-content\/uploads\/2025\/06\/KIT-DIGITAL-2.png ,https:\/\/tecnicosdesonidomadrid.com\/wp-content\/uploads\/2025\/06\/KIT-DIGITAL-2.png 780w, https:\/\/tecnicosdesonidomadrid.com\/wp-content\/uploads\/2025\/06\/KIT-DIGITAL-2.png 360w\" sizes=\"auto, (max-width: 480px) 150px\" src=\"https:\/\/tecnicosdesonidomadrid.com\/wp-content\/uploads\/2025\/06\/KIT-DIGITAL-2.png\" alt=\"\" class=\"uag-image-242\" width=\"1024\" height=\"66\" title=\"DIGITAL KIT\" role=\"img\"\/><\/figure><\/div>","protected":false},"excerpt":{"rendered":"<p>Discover who we are and what we do Tecnicos de Sonido Madrid: experts in sound reinforcement and audio production Since its foundation, [...]<\/p>","protected":false},"author":1,"featured_media":0,"parent":0,"menu_order":0,"comment_status":"closed","ping_status":"closed","template":"","meta":{"_uag_custom_page_level_css":"","site-sidebar-layout":"default","site-content-layout":"","ast-site-content-layout":"","site-content-style":"default","site-sidebar-style":"default","ast-global-header-display":"","ast-banner-title-visibility":"","ast-main-header-display":"","ast-hfb-above-header-display":"","ast-hfb-below-header-display":"","ast-hfb-mobile-header-display":"","site-post-title":"disabled","ast-breadcrumbs-content":"","ast-featured-img":"","footer-sml-layout":"","theme-transparent-header-meta":"","adv-header-id-meta":"","stick-header-meta":"","header-above-stick-meta":"","header-main-stick-meta":"","header-below-stick-meta":"","astra-migrate-meta-layouts":"default","ast-page-background-enabled":"default","ast-page-background-meta":{"desktop":{"background-color":"var(--ast-global-color-4)","background-image":"","background-repeat":"repeat","background-position":"center center","background-size":"auto","background-attachment":"scroll","background-type":"","background-media":"","overlay-type":"","overlay-color":"","overlay-opacity":"","overlay-gradient":""},"tablet":{"background-color":"","background-image":"","background-repeat":"repeat","background-position":"center center","background-size":"auto","background-attachment":"scroll","background-type":"","background-media":"","overlay-type":"","overlay-color":"","overlay-opacity":"","overlay-gradient":""},"mobile":{"background-color":"","background-image":"","background-repeat":"repeat","background-position":"center center","background-size":"auto","background-attachment":"scroll","background-type":"","background-media":"","overlay-type":"","overlay-color":"","overlay-opacity":"","overlay-gradient":""}},"ast-content-background-meta":{"desktop":{"background-color":"var(--ast-global-color-5)","background-image":"","background-repeat":"repeat","background-position":"center center","background-size":"auto","background-attachment":"scroll","background-type":"","background-media":"","overlay-type":"","overlay-color":"","overlay-opacity":"","overlay-gradient":""},"tablet":{"background-color":"var(--ast-global-color-5)","background-image":"","background-repeat":"repeat","background-position":"center center","background-size":"auto","background-attachment":"scroll","background-type":"","background-media":"","overlay-type":"","overlay-color":"","overlay-opacity":"","overlay-gradient":""},"mobile":{"background-color":"var(--ast-global-color-5)","background-image":"","background-repeat":"repeat","background-position":"center center","background-size":"auto","background-attachment":"scroll","background-type":"","background-media":"","overlay-type":"","overlay-color":"","overlay-opacity":"","overlay-gradient":""}},"footnotes":""},"class_list":["post-164","page","type-page","status-publish","hentry"],"uagb_featured_image_src":{"full":false,"thumbnail":false,"medium":false,"medium_large":false,"large":false,"1536x1536":false,"2048x2048":false,"trp-custom-language-flag":false},"uagb_author_info":{"display_name":"SEBASTIAN RODRIGUEZ BETANZOS 06722264P","author_link":"https:\/\/tecnicosdesonidomadrid.com\/en\/author\/gestionbiskitagencia-com\/"},"uagb_comment_info":0,"uagb_excerpt":"Descubre qui\u00e9nes somos y qu\u00e9 hacemos Tecnicos de Sonido Madrid: expertos en sonorizaci\u00f3n y producci\u00f3n de audio Desde su fundaci\u00f3n, [&hellip;]","_links":{"self":[{"href":"https:\/\/tecnicosdesonidomadrid.com\/en\/wp-json\/wp\/v2\/pages\/164","targetHints":{"allow":["GET"]}}],"collection":[{"href":"https:\/\/tecnicosdesonidomadrid.com\/en\/wp-json\/wp\/v2\/pages"}],"about":[{"href":"https:\/\/tecnicosdesonidomadrid.com\/en\/wp-json\/wp\/v2\/types\/page"}],"author":[{"embeddable":true,"href":"https:\/\/tecnicosdesonidomadrid.com\/en\/wp-json\/wp\/v2\/users\/1"}],"replies":[{"embeddable":true,"href":"https:\/\/tecnicosdesonidomadrid.com\/en\/wp-json\/wp\/v2\/comments?post=164"}],"version-history":[{"count":5,"href":"https:\/\/tecnicosdesonidomadrid.com\/en\/wp-json\/wp\/v2\/pages\/164\/revisions"}],"predecessor-version":[{"id":263,"href":"https:\/\/tecnicosdesonidomadrid.com\/en\/wp-json\/wp\/v2\/pages\/164\/revisions\/263"}],"wp:attachment":[{"href":"https:\/\/tecnicosdesonidomadrid.com\/en\/wp-json\/wp\/v2\/media?parent=164"}],"curies":[{"name":"wp","href":"https:\/\/api.w.org\/{rel}","templated":true}]}}